{"id":913,"date":"2023-01-12T17:15:42","date_gmt":"2023-01-12T16:15:42","guid":{"rendered":"https:\/\/spanndecken-spalek.de\/cookie-richtlinie-eu\/"},"modified":"2023-02-02T10:01:11","modified_gmt":"2023-02-02T09:01:11","slug":"","status":"publish","type":"page","link":"https:\/\/spanndecken-spalek.de\/fr\/cookie-richtlinie-eu\/","title":{"rendered":"","raw":""},"content":{"rendered":"","protected":false,"raw":""},"excerpt":{"rendered":"","protected":false,"raw":""},"author":1,"featured_media":0,"parent":0,"menu_order":0,"comment_status":"closed","ping_status":"closed","template":"","meta":{"inline_featured_image":false,"advgb_blocks_editor_width":"","advgb_blocks_columns_visual_guide":"","_de_post_content":"<!-- wp:spacer -->\n<div style=\"height:100px\" aria-hidden=\"true\" class=\"wp-block-spacer\"><\/div>\n<!-- \/wp:spacer -->\n\n<!-- wp:group {\"align\":\"wide\",\"layout\":{\"type\":\"constrained\"}} -->\n<div class=\"wp-block-group alignwide\"><!-- wp:heading {\"className\":\"pb-5\"} -->\n<h2 class=\"pb-5\">Cookie-Richtlinie (EU)<\/h2>\n<!-- \/wp:heading -->\n\n<!-- wp:complianz\/document {\"selectedDocument\":\"cookie-statement\"} \/--><\/div>\n<!-- \/wp:group -->","_de_post_name":"cookie-richtlinie-eu","_de_post_excerpt":"","_de_post_title":"Cookie-Richtlinie (EU)","_fr_post_content":"","_fr_post_name":"","_fr_post_excerpt":"","_fr_post_title":"","edit_language":"fr","footnotes":""},"class_list":["post-913","page","type-page","status-publish","hentry"],"coauthors":[],"author_meta":{"author_link":"https:\/\/spanndecken-spalek.de\/fr\/author\/mhorn\/","display_name":"MHorn"},"relative_dates":{"created":"Publi\u00e9 3 ans il y a","modified":"Mis \u00e0 jour 3 ans il y a"},"absolute_dates":{"created":"Publi\u00e9 le 12. janvier 2023","modified":"Mise \u00e0 jour le 2. f\u00e9vrier 2023"},"absolute_dates_time":{"created":"Publi\u00e9 le 12. janvier 2023 17:15","modified":"Mise \u00e0 jour le 2. f\u00e9vrier 2023 10:01"},"featured_img_caption":"","featured_img":false,"series_order":"","_links":{"self":[{"href":"https:\/\/spanndecken-spalek.de\/fr\/wp-json\/wp\/v2\/pages\/913","targetHints":{"allow":["GET"]}}],"collection":[{"href":"https:\/\/spanndecken-spalek.de\/fr\/wp-json\/wp\/v2\/pages"}],"about":[{"href":"https:\/\/spanndecken-spalek.de\/fr\/wp-json\/wp\/v2\/types\/page"}],"author":[{"embeddable":true,"href":"https:\/\/spanndecken-spalek.de\/fr\/wp-json\/wp\/v2\/users\/1"}],"replies":[{"embeddable":true,"href":"https:\/\/spanndecken-spalek.de\/fr\/wp-json\/wp\/v2\/comments?post=913"}],"version-history":[{"count":5,"href":"https:\/\/spanndecken-spalek.de\/fr\/wp-json\/wp\/v2\/pages\/913\/revisions"}],"predecessor-version":[{"id":919,"href":"https:\/\/spanndecken-spalek.de\/fr\/wp-json\/wp\/v2\/pages\/913\/revisions\/919"}],"wp:attachment":[{"href":"https:\/\/spanndecken-spalek.de\/fr\/wp-json\/wp\/v2\/media?parent=913"}],"curies":[{"name":"wp","href":"https:\/\/api.w.org\/{rel}","templated":true}]}}