{"id":263,"date":"2020-12-10T09:53:50","date_gmt":"2020-12-10T08:53:50","guid":{"rendered":"https:\/\/spanndecken-spalek.de\/NEU\/?page_id=263"},"modified":"2021-06-07T15:33:23","modified_gmt":"2021-06-07T13:33:23","slug":"","status":"publish","type":"page","link":"https:\/\/spanndecken-spalek.de\/fr\/impressum\/","title":{"rendered":"","raw":""},"content":{"rendered":"","protected":false,"raw":""},"excerpt":{"rendered":"","protected":false,"raw":""},"author":1,"featured_media":0,"parent":0,"menu_order":0,"comment_status":"closed","ping_status":"closed","template":"templates\/template-full-width.php","meta":{"inline_featured_image":false,"advgb_blocks_editor_width":"","advgb_blocks_columns_visual_guide":"","_de_post_content":"<!-- wp:group {\"align\":\"full\",\"className\":\"header-impressum\",\"backgroundColor\":\"subtle-background\"} -->\n<div class=\"wp-block-group alignfull header-impressum has-subtle-background-background-color has-background\"><div class=\"wp-block-group__inner-container\"><\/div><\/div>\n<!-- \/wp:group -->\n\n<!-- wp:group -->\n<div class=\"wp-block-group\"><div class=\"wp-block-group__inner-container\"><!-- wp:heading {\"textAlign\":\"center\",\"level\":1,\"className\":\"text-secondary\"} -->\n<h1 class=\"has-text-align-center text-secondary\">Impressum<\/h1>\n<!-- \/wp:heading --><\/div><\/div>\n<!-- \/wp:group -->\n\n<!-- wp:group {\"align\":\"wide\",\"className\":\"pt-5\"} -->\n<div class=\"wp-block-group alignwide pt-5\"><div class=\"wp-block-group__inner-container\"><!-- wp:paragraph {\"align\":\"left\",\"className\":\"pt-5\"} -->\n<p class=\"has-text-align-left pt-5\">Spalek Spanndecken Produktion <br><br><strong>SPALEK Beschlagtechnik GmbH + Co. KG <\/strong><br><\/p>\n<!-- \/wp:paragraph -->\n\n<!-- wp:paragraph {\"align\":\"left\",\"className\":\"pt-5\"} -->\n<p class=\"has-text-align-left pt-5\">D-42579 Heiligenhaus - Dieselstr. 44  <br><br>Tel. +49 (0)2056 - 58 617 0 <br>Fax +49 (0)2056 - 58 617 28 <br>info@beschlagtechnik.de <br><br><strong>Gesch\u00e4ftsf\u00fchrer:<\/strong> <br><br>Christian Spalek, Arnaud Aumont <br><br>Handelsregister Wuppertal - HRA 21269 <br>USt-Ident-Nummer: DE 293 739 271 <br><br>Standorte: <br>Deutschland: Heiligenhaus <br><br>Allgemeine Gesch\u00e4ftsbedingungen <br>Hier k\u00f6nnen Sie unsere allgemeinen Gesch\u00e4ftsbedingungen laden: <br><br><a href=\"https:\/\/spanndecken-spalek.de\/wp-content\/uploads\/2021\/06\/Spalek_AGB.pdf\" target=\"_blank\" rel=\"noreferrer noopener\">DOWNLOAD als PDF <br><\/a><br><strong>Haftungsausschluss <\/strong><br>1. Inhalt des Onlineangebotes <br>Die im Impressum verantwortliche Person, im Folgenden Autor genannt, \u00fcbernimmt keinerlei Gew\u00e4hr f\u00fcr die Aktualit\u00e4t, Korrektheit, Vollst\u00e4ndigkeit oder Qualit\u00e4t der bereitgestellten Informationen. Haftungsanspr\u00fcche gegen den Autor, welche sich auf Sch\u00e4den materieller oder ideeller Art beziehen, die durch die Nutzung oder Nichtnutzung der dargebotenen Informationen bzw. durch die Nutzung fehlerhafter und unvollst\u00e4ndiger Informationen verursacht wurden, sind grunds\u00e4tzlich ausgeschlossen, sofern seitens des Autors kein nachweislich vors\u00e4tzliches oder grob fahrl\u00e4ssiges Verschulden vorliegt. Alle Angebote sind freibleibend und unverbindlich. Der Autor beh\u00e4lt es sich ausdr\u00fccklich vor, Teile der Seiten oder das gesamte Angebot ohne gesonderte Ank\u00fcndigung zu ver\u00e4ndern, zu erg\u00e4nzen, zu l\u00f6schen oder die Ver\u00f6ffentlichung zeitweise oder endg\u00fcltig einzustellen. <br><br>2. Verweise und Links Bei direkten oder indirekten Verweisen auf fremde Internetseiten (\u201eLinks\u201c), die au\u00dferhalb des Verantwortungsbereiches des Autors liegen, w\u00fcrde eine Haftungsverpflichtung ausschlie\u00dflich in dem Fall in Kraft treten, in dem der Autor von den Inhalten Kenntnis hat und es ihm technisch m\u00f6glich und zumutbar w\u00e4re, die Nutzung im Falle rechtswidriger Inhalte zu verhindern. Der Autor erkl\u00e4rt daher ausdr\u00fccklich, dass zum Zeitpunkt der Linksetzung die entsprechenden verlinkten Seiten frei von illegalen Inhalten waren. Der Autor hat keinerlei Einfluss auf die aktuelle und zuk\u00fcnftige Gestaltung und auf die Inhalte der gelinkten\/verkn\u00fcpften Seiten. Deshalb distanziert er sich hiermit ausdr\u00fccklich von allen Inhalten aller gelinkten\/verkn\u00fcpften Seiten, die nach der Linksetzung ver\u00e4ndert wurden. Diese Feststellung gilt f\u00fcr alle innerhalb des eigenen Internetangebotes gesetzten Links und Verweise sowie f\u00fcr Fremdeintr\u00e4ge in vom Autor eingerichtete G\u00e4steb\u00fccher, Diskussionsforen und Mailinglisten. F\u00fcr illegale, fehlerhafte oder unvollst\u00e4ndige Inhalte und insbesondere f\u00fcr Sch\u00e4den, die aus der Nutzung oder Nichtnutzung solcherart dargebotener Informationen entstehen, haftet allein der Anbieter der Seite, auf welche verwiesen wurde, nicht derjenige, der \u00fcber Links auf die jeweilige Ver\u00f6ffentlichung lediglich verweist. <br><br>3. Urheber- und Kennzeichenrecht Der Autor ist bestrebt, in allen Publikationen die Urheberrechte der verwendeten Grafiken, Tondokumente, Videosequenzen und Texte zu beachten, von ihm selbst erstellte Grafiken, Tondokumente, Videosequenzen und Texte zu nutzen oder auf lizenzfreie Grafiken, Tondokumente, Videosequenzen und Texte zur\u00fcckzugreifen. Alle innerhalb des Internetangebotes genannten und ggf. durch Dritte gesch\u00fctzten Marken- und Warenzeichen unterliegen uneingeschr\u00e4nkt den Bestimmungen des jeweils g\u00fcltigen Kennzeichenrechts und den Besitzrechten der jeweiligen eingetragenen Eigent\u00fcmer. Allein aufgrund der blo\u00dfen Nennung ist nicht der Schluss zu ziehen, dass Markenzeichen nicht durch Rechte Dritter gesch\u00fctzt sind! Das Copyright f\u00fcr ver\u00f6ffentlichte, vom Autor selbst erstellte Objekte bleibt allein beim Autor der Seiten. Eine Vervielf\u00e4ltigung oder Verwendung solcher Grafiken, Tondokumente, Videosequenzen und Texte in anderen elektronischen oder gedruckten Publikationen ist ohne ausdr\u00fcckliche Zustimmung des Autors nicht gestattet. <br><br>4. Datenschutz In Verbindung mit Ihrem Zugriff auf diese Website werden in den Server-Log-Files von Ihrem Browser \u00fcbermittelte Daten f\u00fcr Sicherungszwecke gespeichert, die m\u00f6glicherweise eine Identifizierung zulassen (z. B. Browsertyp \/ -version, Betriebssystem, IP-Adresse, Datum, Uhrzeit und abgerufene Seiten). Es findet keine personenbezogene Verwertung statt. Die statistische Auswertung anonymisierter Datens\u00e4tze erfolgt lediglich zu dem Zweck des Betriebs, der Sicherheit und der Optimierung des Angebotes. Sie k\u00f6nnen dieses Online-Angebot grunds\u00e4tzlich ohne Offenlegung Ihrer Identit\u00e4t nutzen. Wenn Sie sich f\u00fcr einen personalisierten Dienst eintragen oder registrieren lassen, werden Sie nach pers\u00f6nlichen Informationen (z. B. Name, E-Mail Adresse) gefragt. Es unterliegt Ihrer freien Entscheidung, ob Sie diese Daten eingeben.<br> Bei der Kontaktaufnahme mit dem Anbieter (z. B. per Kontaktformular oder E-Mail) werden die Angaben des Nutzers zwecks Bearbeitung der Anfrage sowie f\u00fcr den Fall, dass Anschlussfragen entstehen, gespeichert. <br>Es kann vorkommen, dass innerhalb dieses Onlineangebotes Inhalte Dritter, wie zum Beispiel Videos von YouTube, Kartenmaterial von Google-Maps, RSS-Feeds oder Grafiken von anderen Webseiten eingebunden werden. Dies setzt immer voraus, dass die Anbieter dieser Inhalte (nachfolgend bezeichnet als \u201eDritt-Anbieter\u201c) die IP-Adresse der Nutzer wahr nehmen. Denn ohne die IP-Adresse k\u00f6nnten sie die Inhalte nicht an den Browser des jeweiligen Nutzers senden. Die IP-Adresse ist damit f\u00fcr die Darstellung dieser Inhalte erforderlich. Wir bem\u00fchen uns nur solche Inhalte zu verwenden, deren jeweilige Anbieter die IP-Adresse lediglich zur Auslieferung der Inhalte verwenden. Jedoch haben wir keinen Einfluss darauf, falls die Dritt-Anbieter die IP-Adresse z. B. f\u00fcr statistische Zwecke speichern. Soweit dies uns bekannt ist, kl\u00e4ren wir die Nutzer dar\u00fcber auf. <br><br>Diese Website verwendet Cookies. Cookies sind kleine Dateien, die es erm\u00f6glichen, auf dem Zugriffsger\u00e4t der Nutzer (PC, Smartphone o.\u00e4.) spezifische, auf das Ger\u00e4t bezogene Informationen zu speichern. Sie dienen zum einem der Benutzerfreundlichkeit von Webseiten und damit den Nutzern (z. B. Speicherung von Logindaten). Zum anderen werden sie dazu verwendet, um die statistischen Daten der Webseitennutzung zu erfassen und sie zwecks Verbesserung des Angebotes analysieren zu k\u00f6nnen. Die Nutzer k\u00f6nnen auf den Einsatz der Cookies Einfluss nehmen. Die meisten Browser verf\u00fcgen \u00fcber eine Option, mit der das Speichern von Cookies eingeschr\u00e4nkt oder komplett verhindert wird. Allerdings wird darauf hingewiesen, dass die Nutzung und insbesondere der Nutzungskomfort ohne Cookies eingeschr\u00e4nkt werden. <br><br>5. Rechtswirksamkeit dieses Haftungsausschlusses Dieser Haftungsausschluss ist als Teil des Internetangebotes zu betrachten, von dem aus auf diese Seite verwiesen wurde. Sofern Teile oder einzelne Formulierungen dieses Textes der geltenden Rechtslage nicht, nicht mehr oder nicht vollst\u00e4ndig entsprechen sollten, bleiben die \u00fcbrigen Teile des Dokumentes in ihrem Inhalt und ihrer G\u00fcltigkeit davon unber\u00fchrt. <br><br>Webdesign <br>Rauschenberg Kommunikation GmbH <br><br>Bildnachweise <br>Urheber und Bildquelle der verwendeten Bilder: <br><br>Fotos der Produktion - \u00a9 SELL MEDIA COMPANY - Norbert Sell <br>Fotos der Produktion \/ Anwendungsbeispiele \/ Geb\u00e4ude - \u00a9 Arnaud Aumont <br>Fotos Spanndecken - \u00a9 SPALEK Beschlagtechnik GmbH + Co. KG<\/p>\n<!-- \/wp:paragraph --><\/div><\/div>\n<!-- \/wp:group -->","_de_post_name":"impressum","_de_post_excerpt":"","_de_post_title":"Impressum","_fr_post_content":"","_fr_post_name":"","_fr_post_excerpt":"","_fr_post_title":"","edit_language":"fr","footnotes":""},"class_list":["post-263","page","type-page","status-publish","hentry"],"coauthors":[],"author_meta":{"author_link":"https:\/\/spanndecken-spalek.de\/fr\/author\/mhorn\/","display_name":"MHorn"},"relative_dates":{"created":"Publi\u00e9 5 ans il y a","modified":"Mis \u00e0 jour 5 ans il y a"},"absolute_dates":{"created":"Publi\u00e9 le 10. d\u00e9cembre 2020","modified":"Mise \u00e0 jour le 7. juin 2021"},"absolute_dates_time":{"created":"Publi\u00e9 le 10. d\u00e9cembre 2020 9:53","modified":"Mise \u00e0 jour le 7. juin 2021 15:33"},"featured_img_caption":"","featured_img":false,"series_order":"","_links":{"self":[{"href":"https:\/\/spanndecken-spalek.de\/fr\/wp-json\/wp\/v2\/pages\/263","targetHints":{"allow":["GET"]}}],"collection":[{"href":"https:\/\/spanndecken-spalek.de\/fr\/wp-json\/wp\/v2\/pages"}],"about":[{"href":"https:\/\/spanndecken-spalek.de\/fr\/wp-json\/wp\/v2\/types\/page"}],"author":[{"embeddable":true,"href":"https:\/\/spanndecken-spalek.de\/fr\/wp-json\/wp\/v2\/users\/1"}],"replies":[{"embeddable":true,"href":"https:\/\/spanndecken-spalek.de\/fr\/wp-json\/wp\/v2\/comments?post=263"}],"version-history":[{"count":8,"href":"https:\/\/spanndecken-spalek.de\/fr\/wp-json\/wp\/v2\/pages\/263\/revisions"}],"predecessor-version":[{"id":728,"href":"https:\/\/spanndecken-spalek.de\/fr\/wp-json\/wp\/v2\/pages\/263\/revisions\/728"}],"wp:attachment":[{"href":"https:\/\/spanndecken-spalek.de\/fr\/wp-json\/wp\/v2\/media?parent=263"}],"curies":[{"name":"wp","href":"https:\/\/api.w.org\/{rel}","templated":true}]}}