{"id":237,"date":"2020-12-09T17:20:18","date_gmt":"2020-12-09T16:20:18","guid":{"rendered":"https:\/\/spanndecken-spalek.de\/NEU\/?page_id=237"},"modified":"2021-02-03T10:45:54","modified_gmt":"2021-02-03T09:45:54","slug":"","status":"publish","type":"page","link":"https:\/\/spanndecken-spalek.de\/fr\/kontakt\/","title":{"rendered":"Contact","raw":"Contact"},"content":{"rendered":"\n<div class=\"wp-block-group alignfull header-kontakt has-subtle-background-background-color has-background\"><div class=\"wp-block-group__inner-container is-layout-flow wp-block-group-is-layout-flow\"><\/div><\/div>\n\n\n\n<div class=\"wp-block-group\"><div class=\"wp-block-group__inner-container is-layout-flow wp-block-group-is-layout-flow\">\n<h1 class=\"has-text-align-center text-secondary wp-block-heading\">Contact<\/h1>\n<\/div><\/div>\n\n\n\n<div class=\"wp-block-group pt-5\"><div class=\"wp-block-group__inner-container is-layout-flow wp-block-group-is-layout-flow\">\n<h3 class=\"has-text-align-center wp-block-heading\">Envoyez directement votre demande<\/h3>\n\n\n\n<p class=\"has-text-align-center pt-5 text-small overline\">Si vous \u00eates un nouveau client, l\u2019id\u00e9al est de nous envoyer votre demande directement via notre formulaire de contact. Nous y r\u00e9pondrons dans les meilleurs d\u00e9lais durant nos horaires d\u2018ouverture.<br><br>Si vous nous \u00e9crivez en dehors de nos horaires d\u2019ouverture, nous vous contacterons le jour (ouvr\u00e9) suivant. <br><br>Sinon, vous pouvez \u00e9galement nous contacter par t\u00e9l\u00e9phone, par fax ou par WhatsApp.<\/p>\n<\/div><\/div>\n\n\n\n<div class=\"wp-block-group alignfull contact-section-form\"><div class=\"wp-block-group__inner-container is-layout-flow wp-block-group-is-layout-flow\">\n<p class=\"pl-5\"><strong>FORMULAIRE DE CONTACT<\/strong><\/p>\n\n\n<div class=\"wpforms-container wpforms-container-full\" id=\"wpforms-662\"><form id=\"wpforms-form-662\" class=\"wpforms-validate wpforms-form\" data-formid=\"662\" method=\"post\" enctype=\"multipart\/form-data\" action=\"\/fr\/wp-json\/wp\/v2\/pages\/237\" data-token=\"19b61eba16f814c43e4c652aa23625dc\"><noscript class=\"wpforms-error-noscript\">Veuillez activer JavaScript dans votre navigateur pour remplir ce formulaire.<\/noscript><div class=\"wpforms-field-container\"><div id=\"wpforms-662-field_0-container\" class=\"wpforms-field wpforms-field-name\" data-field-id=\"0\"><label class=\"wpforms-field-label\" for=\"wpforms-662-field_0\">Nom <span class=\"wpforms-required-label\">*<\/span><\/label><div class=\"wpforms-field-row wpforms-field-large\"><div class=\"wpforms-field-row-block wpforms-first wpforms-one-half\"><input type=\"text\" id=\"wpforms-662-field_0\" class=\"wpforms-field-name-first wpforms-field-required\" name=\"wpforms[fields][0][first]\" placeholder=\"Pr\u00e9nom\" required><label for=\"wpforms-662-field_0\" class=\"wpforms-field-sublabel after wpforms-sublabel-hide\">Pr\u00e9nom<\/label><\/div><div class=\"wpforms-field-row-block wpforms-one-half\"><input type=\"text\" id=\"wpforms-662-field_0-last\" class=\"wpforms-field-name-last wpforms-field-required\" name=\"wpforms[fields][0][last]\" placeholder=\"Nom de famille\" required><label for=\"wpforms-662-field_0-last\" class=\"wpforms-field-sublabel after wpforms-sublabel-hide\">Nom<\/label><\/div><\/div><\/div><div id=\"wpforms-662-field_1-container\" class=\"wpforms-field wpforms-field-email\" data-field-id=\"1\"><label class=\"wpforms-field-label\" for=\"wpforms-662-field_1\">E-Mail <span class=\"wpforms-required-label\">*<\/span><\/label><input type=\"email\" id=\"wpforms-662-field_1\" class=\"wpforms-field-medium wpforms-field-required\" name=\"wpforms[fields][1]\" required><\/div><div id=\"wpforms-662-field_5-container\" class=\"wpforms-field wpforms-field-phone\" data-field-id=\"5\"><label class=\"wpforms-field-label\" for=\"wpforms-662-field_5\">T\u00e9l\u00e9phoner <span class=\"wpforms-required-label\">*<\/span><\/label><input type=\"tel\" id=\"wpforms-662-field_5\" class=\"wpforms-field-medium wpforms-field-required wpforms-smart-phone-field\" data-rule-smart-phone-field=\"true\" name=\"wpforms[fields][5]\" required><\/div><div id=\"wpforms-662-field_3-container\" class=\"wpforms-field wpforms-field-text\" data-field-id=\"3\"><label class=\"wpforms-field-label\" for=\"wpforms-662-field_3\">Objet <span class=\"wpforms-required-label\">*<\/span><\/label><input type=\"text\" id=\"wpforms-662-field_3\" class=\"wpforms-field-large wpforms-field-required\" name=\"wpforms[fields][3]\" required><\/div><div id=\"wpforms-662-field_2-container\" class=\"wpforms-field wpforms-field-textarea\" data-field-id=\"2\"><label class=\"wpforms-field-label\" for=\"wpforms-662-field_2\">Message <span class=\"wpforms-required-label\">*<\/span><\/label><textarea id=\"wpforms-662-field_2\" class=\"wpforms-field-medium wpforms-field-required\" name=\"wpforms[fields][2]\" required><\/textarea><\/div><div id=\"wpforms-662-field_4-container\" class=\"wpforms-field wpforms-field-checkbox checkbox-agree pb-5\" data-field-id=\"4\"><ul id=\"wpforms-662-field_4\"><li class=\"choice-1 depth-1\"><input type=\"checkbox\" id=\"wpforms-662-field_4_1\" name=\"wpforms[fields][4][]\" value=\"J&#039;ai lu la politique de confidentialit\u00e9 de la soci\u00e9t\u00e9 Spalek GbmH et j&#039;accepte le stockage de mes donn\u00e9es pour le traitement de cette demande.\"  ><label class=\"wpforms-field-label-inline\" for=\"wpforms-662-field_4_1\">J'ai lu la politique de confidentialit\u00e9 de la soci\u00e9t\u00e9 Spalek GbmH et j'accepte le stockage de mes donn\u00e9es pour le traitement de cette demande.<\/label><\/li><\/ul><\/div><\/div><input type=\"hidden\" name=\"wpforms[recaptcha]\" value=\"\"><div class=\"wpforms-submit-container\" ><input type=\"hidden\" name=\"wpforms[id]\" value=\"662\"><input type=\"hidden\" name=\"wpforms[author]\" value=\"1\"><button type=\"submit\" name=\"wpforms[submit]\" class=\"wpforms-submit \" id=\"wpforms-submit-662\" value=\"wpforms-submit\" aria-live=\"assertive\" data-alt-text=\"Senden...\" data-submit-text=\"Envoyer\">Envoyer<\/button><\/div><\/form><\/div>  <!-- .wpforms-container -->\n<\/div><\/div>\n\n\n\n<div class=\"wp-block-group pb-5\"><div class=\"wp-block-group__inner-container is-layout-flow wp-block-group-is-layout-flow\">\n<div class=\"wp-block-columns contact-icn is-layout-flex wp-container-core-columns-is-layout-9d6595d7 wp-block-columns-is-layout-flex\">\n<div class=\"wp-block-column is-vertically-aligned-top is-layout-flow wp-block-column-is-layout-flow\">\n<div class=\"wp-block-image\"><figure class=\"alignright size-large\"><img decoding=\"async\" src=\"https:\/\/spanndecken-spalek.de\/wp-content\/uploads\/2020\/12\/Gruppe-213.svg\" alt=\"\"\/><\/figure><\/div>\n<\/div>\n\n\n\n<div class=\"wp-block-column is-vertically-aligned-top is-layout-flow wp-block-column-is-layout-flow\">\n<div class=\"wp-block-image\"><figure class=\"alignleft size-large\"><img decoding=\"async\" src=\"https:\/\/spanndecken-spalek.de\/wp-content\/uploads\/2020\/12\/Gruppe-214.svg\" alt=\"\"\/><\/figure><\/div>\n<\/div>\n<\/div>\n\n\n\n<p class=\"has-text-align-center\"><strong>SPALEK Beschlagtechnik GmbH + Co. <br><\/strong>KG Dieselstr. 44 <br>42579 Heiligenhaus <br>Allemagne<br><br>T\u00e9l\u00e9phone: +49 (0)2056 &#8211; 58 617 0 <br>T\u00e9l\u00e9fax: +49 (0)2056 &#8211; 58 617 28 <br>E-Mail: info@spanndecken-spalek.de<\/p>\n<\/div><\/div>\n\n\n\n<iframe loading=\"lazy\" class=\"gmaps\" src=\"https:\/\/www.google.com\/maps\/embed?pb=!1m18!1m12!1m3!1d2492.7274867756632!2d6.99870351596721!3d51.334532031148456!2m3!1f0!2f0!3f0!3m2!1i1024!2i768!4f13.1!3m3!1m2!1s0x47b8da4cbca17699%3A0xd18f624dce868cda!2sSPALEK%20Beschlagtechnik%20GmbH%20%26%20Co.%20KG!5e0!3m2!1sde!2sde!4v1607531929261!5m2!1sde!2sde\" width=\"800\" height=\"600\" frameborder=\"0\" style=\"border:0;\" allowfullscreen=\"\" aria-hidden=\"false\" tabindex=\"0\"><\/iframe>\n","protected":false,"raw":"<!-- wp:group {\"align\":\"full\",\"className\":\"header-kontakt\",\"backgroundColor\":\"subtle-background\"} -->\n<div class=\"wp-block-group alignfull header-kontakt has-subtle-background-background-color has-background\"><div class=\"wp-block-group__inner-container\"><\/div><\/div>\n<!-- \/wp:group -->\n\n<!-- wp:group -->\n<div class=\"wp-block-group\"><div class=\"wp-block-group__inner-container\"><!-- wp:heading {\"textAlign\":\"center\",\"level\":1,\"className\":\"text-secondary\"} -->\n<h1 class=\"has-text-align-center text-secondary\">Contact<\/h1>\n<!-- \/wp:heading --><\/div><\/div>\n<!-- \/wp:group -->\n\n<!-- wp:group {\"className\":\"pt-5\"} -->\n<div class=\"wp-block-group pt-5\"><div class=\"wp-block-group__inner-container\"><!-- wp:heading {\"textAlign\":\"center\",\"level\":3} -->\n<h3 class=\"has-text-align-center\">Envoyez directement votre demande<\/h3>\n<!-- \/wp:heading -->\n\n<!-- wp:paragraph {\"align\":\"center\",\"className\":\"pt-5 text-small overline\"} -->\n<p class=\"has-text-align-center pt-5 text-small overline\">Si vous \u00eates un nouveau client, l\u2019id\u00e9al est de nous envoyer votre demande directement via notre formulaire de contact. Nous y r\u00e9pondrons dans les meilleurs d\u00e9lais durant nos horaires d\u2018ouverture.<br><br>Si vous nous \u00e9crivez en dehors de nos horaires d\u2019ouverture, nous vous contacterons le jour (ouvr\u00e9) suivant. <br><br>Sinon, vous pouvez \u00e9galement nous contacter par t\u00e9l\u00e9phone, par fax ou par WhatsApp.<\/p>\n<!-- \/wp:paragraph --><\/div><\/div>\n<!-- \/wp:group -->\n\n<!-- wp:group {\"align\":\"full\",\"className\":\"contact-section-form\"} -->\n<div class=\"wp-block-group alignfull contact-section-form\"><div class=\"wp-block-group__inner-container\"><!-- wp:paragraph {\"className\":\"pl-5\"} -->\n<p class=\"pl-5\"><strong>FORMULAIRE DE CONTACT<\/strong><\/p>\n<!-- \/wp:paragraph -->\n\n<!-- wp:shortcode -->\n[wpforms id=\"662\" title=\"false\" description=\"false\"]\n<!-- \/wp:shortcode --><\/div><\/div>\n<!-- \/wp:group -->\n\n<!-- wp:group {\"className\":\"pb-5\"} -->\n<div class=\"wp-block-group pb-5\"><div class=\"wp-block-group__inner-container\"><!-- wp:columns {\"className\":\"contact-icn\"} -->\n<div class=\"wp-block-columns contact-icn\"><!-- wp:column {\"verticalAlignment\":\"top\"} -->\n<div class=\"wp-block-column is-vertically-aligned-top\"><!-- wp:image {\"align\":\"right\",\"sizeSlug\":\"large\",\"linkDestination\":\"none\"} -->\n<div class=\"wp-block-image\"><figure class=\"alignright size-large\"><img src=\"https:\/\/spanndecken-spalek.de\/wp-content\/uploads\/2020\/12\/Gruppe-213.svg\" alt=\"\"\/><\/figure><\/div>\n<!-- \/wp:image --><\/div>\n<!-- \/wp:column -->\n\n<!-- wp:column {\"verticalAlignment\":\"top\"} -->\n<div class=\"wp-block-column is-vertically-aligned-top\"><!-- wp:image {\"align\":\"left\",\"sizeSlug\":\"large\",\"linkDestination\":\"none\"} -->\n<div class=\"wp-block-image\"><figure class=\"alignleft size-large\"><img src=\"https:\/\/spanndecken-spalek.de\/wp-content\/uploads\/2020\/12\/Gruppe-214.svg\" alt=\"\"\/><\/figure><\/div>\n<!-- \/wp:image --><\/div>\n<!-- \/wp:column --><\/div>\n<!-- \/wp:columns -->\n\n<!-- wp:paragraph {\"align\":\"center\"} -->\n<p class=\"has-text-align-center\"><strong>SPALEK Beschlagtechnik GmbH + Co. <br><\/strong>KG Dieselstr. 44 <br>42579 Heiligenhaus <br>Allemagne<br><br>T\u00e9l\u00e9phone: +49 (0)2056 - 58 617 0 <br>T\u00e9l\u00e9fax: +49 (0)2056 - 58 617 28 <br>E-Mail: info@spanndecken-spalek.de<\/p>\n<!-- \/wp:paragraph --><\/div><\/div>\n<!-- \/wp:group -->\n\n<!-- wp:html -->\n<iframe class=\"gmaps\" src=\"https:\/\/www.google.com\/maps\/embed?pb=!1m18!1m12!1m3!1d2492.7274867756632!2d6.99870351596721!3d51.334532031148456!2m3!1f0!2f0!3f0!3m2!1i1024!2i768!4f13.1!3m3!1m2!1s0x47b8da4cbca17699%3A0xd18f624dce868cda!2sSPALEK%20Beschlagtechnik%20GmbH%20%26%20Co.%20KG!5e0!3m2!1sde!2sde!4v1607531929261!5m2!1sde!2sde\" width=\"800\" height=\"600\" frameborder=\"0\" style=\"border:0;\" allowfullscreen=\"\" aria-hidden=\"false\" tabindex=\"0\"><\/iframe>\n<!-- \/wp:html -->"},"excerpt":{"rendered":"","protected":false,"raw":""},"author":1,"featured_media":0,"parent":0,"menu_order":0,"comment_status":"closed","ping_status":"closed","template":"templates\/template-full-width.php","meta":{"inline_featured_image":false,"advgb_blocks_editor_width":"","advgb_blocks_columns_visual_guide":"","_de_post_content":"<!-- wp:group {\"align\":\"full\",\"className\":\"header-kontakt\",\"backgroundColor\":\"subtle-background\"} -->\n<div class=\"wp-block-group alignfull header-kontakt has-subtle-background-background-color has-background\"><div class=\"wp-block-group__inner-container\"><\/div><\/div>\n<!-- \/wp:group -->\n\n<!-- wp:group -->\n<div class=\"wp-block-group\"><div class=\"wp-block-group__inner-container\"><!-- wp:heading {\"textAlign\":\"center\",\"level\":1,\"className\":\"text-secondary\"} -->\n<h1 class=\"has-text-align-center text-secondary\">Kontakt<\/h1>\n<!-- \/wp:heading --><\/div><\/div>\n<!-- \/wp:group -->\n\n<!-- wp:group {\"className\":\"pt-5\"} -->\n<div class=\"wp-block-group pt-5\"><div class=\"wp-block-group__inner-container\"><!-- wp:heading {\"textAlign\":\"center\",\"level\":3} -->\n<h3 class=\"has-text-align-center\">Jetzt direkt Anfrage starten<\/h3>\n<!-- \/wp:heading -->\n\n<!-- wp:paragraph {\"align\":\"center\",\"className\":\"pt-5 text-small overline\"} -->\n<p class=\"has-text-align-center pt-5 text-small overline\">Als Neukunde k\u00f6nnen Sie Ihre Anfrage am besten direkt \u00fcber unser Kontaktformular versenden. W\u00e4hrend unserer \u00d6ffnungszeiten beantworten wir Ihre Anfrage kurzfristig. <br><br>Wenn Sie uns au\u00dferhalb unserer \u00d6ffnungszeiten schreiben, melden wir uns am n\u00e4chsten Werktag bei Ihnen zur\u00fcck. <br><br>Alternativ k\u00f6nnen Sie uns auch per Telefon, Fax oder whatsapp erreichen.<\/p>\n<!-- \/wp:paragraph --><\/div><\/div>\n<!-- \/wp:group -->\n\n<!-- wp:group {\"align\":\"full\",\"className\":\"contact-section-form\"} -->\n<div class=\"wp-block-group alignfull contact-section-form\"><div class=\"wp-block-group__inner-container\"><!-- wp:paragraph {\"className\":\"pl-5\"} -->\n<p class=\"pl-5\"><strong>KONTAKTFORMULAR<\/strong><\/p>\n<!-- \/wp:paragraph -->\n\n<!-- wp:shortcode -->\n[wpforms id=\"245\" title=\"false\" description=\"false\"]\n<!-- \/wp:shortcode --><\/div><\/div>\n<!-- \/wp:group -->\n\n<!-- wp:group {\"className\":\"pb-5\"} -->\n<div class=\"wp-block-group pb-5\"><div class=\"wp-block-group__inner-container\"><!-- wp:columns {\"className\":\"contact-icn\"} -->\n<div class=\"wp-block-columns contact-icn\"><!-- wp:column {\"verticalAlignment\":\"top\"} -->\n<div class=\"wp-block-column is-vertically-aligned-top\"><!-- wp:image {\"align\":\"right\",\"sizeSlug\":\"large\",\"linkDestination\":\"none\"} -->\n<div class=\"wp-block-image\"><figure class=\"alignright size-large\"><img src=\"https:\/\/spanndecken-spalek.de\/wp-content\/uploads\/2020\/12\/Gruppe-213.svg\" alt=\"\"\/><\/figure><\/div>\n<!-- \/wp:image --><\/div>\n<!-- \/wp:column -->\n\n<!-- wp:column {\"verticalAlignment\":\"top\"} -->\n<div class=\"wp-block-column is-vertically-aligned-top\"><!-- wp:image {\"align\":\"left\",\"sizeSlug\":\"large\",\"linkDestination\":\"none\"} -->\n<div class=\"wp-block-image\"><figure class=\"alignleft size-large\"><img src=\"https:\/\/spanndecken-spalek.de\/wp-content\/uploads\/2020\/12\/Gruppe-214.svg\" alt=\"\"\/><\/figure><\/div>\n<!-- \/wp:image --><\/div>\n<!-- \/wp:column --><\/div>\n<!-- \/wp:columns -->\n\n<!-- wp:paragraph {\"align\":\"center\"} -->\n<p class=\"has-text-align-center\"><strong>SPALEK Beschlagtechnik GmbH + Co. <br><\/strong>KG Dieselstr. 44 <br>42579 Heiligenhaus <br>Deutschland <br><br>Telefon: +49 (0)2056 - 58 617 0 <br>Telefax: +49 (0)2056 - 58 617 28 <br>E-Mail: info@spanndecken-spalek.de<\/p>\n<!-- \/wp:paragraph --><\/div><\/div>\n<!-- \/wp:group -->\n\n<!-- wp:html -->\n<iframe class=\"gmaps\" src=\"https:\/\/www.google.com\/maps\/embed?pb=!1m18!1m12!1m3!1d2492.7274867756632!2d6.99870351596721!3d51.334532031148456!2m3!1f0!2f0!3f0!3m2!1i1024!2i768!4f13.1!3m3!1m2!1s0x47b8da4cbca17699%3A0xd18f624dce868cda!2sSPALEK%20Beschlagtechnik%20GmbH%20%26%20Co.%20KG!5e0!3m2!1sde!2sde!4v1607531929261!5m2!1sde!2sde\" width=\"800\" height=\"600\" frameborder=\"0\" style=\"border:0;\" allowfullscreen=\"\" aria-hidden=\"false\" tabindex=\"0\"><\/iframe>\n<!-- \/wp:html -->","_de_post_name":"kontakt","_de_post_excerpt":"","_de_post_title":"Kontakt","_fr_post_content":"<!-- wp:group {\"align\":\"full\",\"className\":\"header-kontakt\",\"backgroundColor\":\"subtle-background\"} -->\n<div class=\"wp-block-group alignfull header-kontakt has-subtle-background-background-color has-background\"><div class=\"wp-block-group__inner-container\"><\/div><\/div>\n<!-- \/wp:group -->\n\n<!-- wp:group -->\n<div class=\"wp-block-group\"><div class=\"wp-block-group__inner-container\"><!-- wp:heading {\"textAlign\":\"center\",\"level\":1,\"className\":\"text-secondary\"} -->\n<h1 class=\"has-text-align-center text-secondary\">Contact<\/h1>\n<!-- \/wp:heading --><\/div><\/div>\n<!-- \/wp:group -->\n\n<!-- wp:group {\"className\":\"pt-5\"} -->\n<div class=\"wp-block-group pt-5\"><div class=\"wp-block-group__inner-container\"><!-- wp:heading {\"textAlign\":\"center\",\"level\":3} -->\n<h3 class=\"has-text-align-center\">Envoyez directement votre demande<\/h3>\n<!-- \/wp:heading -->\n\n<!-- wp:paragraph {\"align\":\"center\",\"className\":\"pt-5 text-small overline\"} -->\n<p class=\"has-text-align-center pt-5 text-small overline\">Si vous \u00eates un nouveau client, l\u2019id\u00e9al est de nous envoyer votre demande directement via notre formulaire de contact. Nous y r\u00e9pondrons dans les meilleurs d\u00e9lais durant nos horaires d\u2018ouverture.<br><br>Si vous nous \u00e9crivez en dehors de nos horaires d\u2019ouverture, nous vous contacterons le jour (ouvr\u00e9) suivant. <br><br>Sinon, vous pouvez \u00e9galement nous contacter par t\u00e9l\u00e9phone, par fax ou par WhatsApp.<\/p>\n<!-- \/wp:paragraph --><\/div><\/div>\n<!-- \/wp:group -->\n\n<!-- wp:group {\"align\":\"full\",\"className\":\"contact-section-form\"} -->\n<div class=\"wp-block-group alignfull contact-section-form\"><div class=\"wp-block-group__inner-container\"><!-- wp:paragraph {\"className\":\"pl-5\"} -->\n<p class=\"pl-5\"><strong>FORMULAIRE DE CONTACT<\/strong><\/p>\n<!-- \/wp:paragraph -->\n\n<!-- wp:shortcode -->\n[wpforms id=\"662\" title=\"false\" description=\"false\"]\n<!-- \/wp:shortcode --><\/div><\/div>\n<!-- \/wp:group -->\n\n<!-- wp:group {\"className\":\"pb-5\"} -->\n<div class=\"wp-block-group pb-5\"><div class=\"wp-block-group__inner-container\"><!-- wp:columns {\"className\":\"contact-icn\"} -->\n<div class=\"wp-block-columns contact-icn\"><!-- wp:column {\"verticalAlignment\":\"top\"} -->\n<div class=\"wp-block-column is-vertically-aligned-top\"><!-- wp:image {\"align\":\"right\",\"sizeSlug\":\"large\",\"linkDestination\":\"none\"} -->\n<div class=\"wp-block-image\"><figure class=\"alignright size-large\"><img src=\"https:\/\/spanndecken-spalek.de\/wp-content\/uploads\/2020\/12\/Gruppe-213.svg\" alt=\"\"\/><\/figure><\/div>\n<!-- \/wp:image --><\/div>\n<!-- \/wp:column -->\n\n<!-- wp:column {\"verticalAlignment\":\"top\"} -->\n<div class=\"wp-block-column is-vertically-aligned-top\"><!-- wp:image {\"align\":\"left\",\"sizeSlug\":\"large\",\"linkDestination\":\"none\"} -->\n<div class=\"wp-block-image\"><figure class=\"alignleft size-large\"><img src=\"https:\/\/spanndecken-spalek.de\/wp-content\/uploads\/2020\/12\/Gruppe-214.svg\" alt=\"\"\/><\/figure><\/div>\n<!-- \/wp:image --><\/div>\n<!-- \/wp:column --><\/div>\n<!-- \/wp:columns -->\n\n<!-- wp:paragraph {\"align\":\"center\"} -->\n<p class=\"has-text-align-center\"><strong>SPALEK Beschlagtechnik GmbH + Co. <br><\/strong>KG Dieselstr. 44 <br>42579 Heiligenhaus <br>Allemagne<br><br>T\u00e9l\u00e9phone: +49 (0)2056 - 58 617 0 <br>T\u00e9l\u00e9fax: +49 (0)2056 - 58 617 28 <br>E-Mail: info@spanndecken-spalek.de<\/p>\n<!-- \/wp:paragraph --><\/div><\/div>\n<!-- \/wp:group -->\n\n<!-- wp:html -->\n<iframe class=\"gmaps\" src=\"https:\/\/www.google.com\/maps\/embed?pb=!1m18!1m12!1m3!1d2492.7274867756632!2d6.99870351596721!3d51.334532031148456!2m3!1f0!2f0!3f0!3m2!1i1024!2i768!4f13.1!3m3!1m2!1s0x47b8da4cbca17699%3A0xd18f624dce868cda!2sSPALEK%20Beschlagtechnik%20GmbH%20%26%20Co.%20KG!5e0!3m2!1sde!2sde!4v1607531929261!5m2!1sde!2sde\" width=\"800\" height=\"600\" frameborder=\"0\" style=\"border:0;\" allowfullscreen=\"\" aria-hidden=\"false\" tabindex=\"0\"><\/iframe>\n<!-- \/wp:html -->","_fr_post_name":"","_fr_post_excerpt":"","_fr_post_title":"Contact","edit_language":"fr","footnotes":""},"class_list":["post-237","page","type-page","status-publish","hentry"],"coauthors":[],"author_meta":{"author_link":"https:\/\/spanndecken-spalek.de\/fr\/author\/mhorn\/","display_name":"MHorn"},"relative_dates":{"created":"Publi\u00e9 5 ans il y a","modified":"Mis \u00e0 jour 5 ans il y a"},"absolute_dates":{"created":"Publi\u00e9 le 9. d\u00e9cembre 2020","modified":"Mise \u00e0 jour le 3. f\u00e9vrier 2021"},"absolute_dates_time":{"created":"Publi\u00e9 le 9. d\u00e9cembre 2020 17:20","modified":"Mise \u00e0 jour le 3. f\u00e9vrier 2021 10:45"},"featured_img_caption":"","featured_img":false,"series_order":"","_links":{"self":[{"href":"https:\/\/spanndecken-spalek.de\/fr\/wp-json\/wp\/v2\/pages\/237","targetHints":{"allow":["GET"]}}],"collection":[{"href":"https:\/\/spanndecken-spalek.de\/fr\/wp-json\/wp\/v2\/pages"}],"about":[{"href":"https:\/\/spanndecken-spalek.de\/fr\/wp-json\/wp\/v2\/types\/page"}],"author":[{"embeddable":true,"href":"https:\/\/spanndecken-spalek.de\/fr\/wp-json\/wp\/v2\/users\/1"}],"replies":[{"embeddable":true,"href":"https:\/\/spanndecken-spalek.de\/fr\/wp-json\/wp\/v2\/comments?post=237"}],"version-history":[{"count":23,"href":"https:\/\/spanndecken-spalek.de\/fr\/wp-json\/wp\/v2\/pages\/237\/revisions"}],"predecessor-version":[{"id":908,"href":"https:\/\/spanndecken-spalek.de\/fr\/wp-json\/wp\/v2\/pages\/237\/revisions\/908"}],"wp:attachment":[{"href":"https:\/\/spanndecken-spalek.de\/fr\/wp-json\/wp\/v2\/media?parent=237"}],"curies":[{"name":"wp","href":"https:\/\/api.w.org\/{rel}","templated":true}]}}